{"id":37742,"date":"2022-07-21T12:33:57","date_gmt":"2022-07-21T10:33:57","guid":{"rendered":"https:\/\/tourisme-valaigo.fr\/?page_id=37742"},"modified":"2024-11-29T16:34:41","modified_gmt":"2024-11-29T15:34:41","slug":"evenements-du-mois","status":"publish","type":"page","link":"https:\/\/tourisme-valaigo.fr\/en\/evenements-du-mois\/","title":{"rendered":"\u00c9V\u00c8NEMENTS DU MOIS"},"content":{"rendered":"<div data-elementor-type=\"wp-page\" data-elementor-id=\"37742\" class=\"elementor elementor-37742\">\n\t\t\t\t\t\t\t\t\t<section class=\"elementor-section elementor-top-section elementor-element elementor-element-3334af8 elementor-section-boxed elementor-section-height-default elementor-section-height-default\" data-id=\"3334af8\" data-element_type=\"section\">\n\t\t\t\t\t\t<div class=\"elementor-container elementor-column-gap-default\">\n\t\t\t\t\t<div class=\"elementor-column elementor-col-100 elementor-top-column elementor-element elementor-element-f3d677a\" data-id=\"f3d677a\" data-element_type=\"column\">\n\t\t\t<div class=\"elementor-widget-wrap\">\n\t\t\t\t\t\t\t\t\t<\/div>\n\t\t<\/div>\n\t\t\t\t\t\t\t<\/div>\n\t\t<\/section>\n\t\t\t\t<section class=\"elementor-section elementor-top-section elementor-element elementor-element-748b615 elementor-section-boxed elementor-section-height-default elementor-section-height-default\" data-id=\"748b615\" data-element_type=\"section\">\n\t\t\t\t\t\t<div class=\"elementor-container elementor-column-gap-default\">\n\t\t\t\t\t<div class=\"elementor-column elementor-col-50 elementor-top-column elementor-element elementor-element-ebf83c4\" data-id=\"ebf83c4\" data-element_type=\"column\">\n\t\t\t<div class=\"elementor-widget-wrap elementor-element-populated\">\n\t\t\t\t\t\t\t\t<div class=\"elementor-element elementor-element-eventon elementor-widget elementor-widget-EventON\" data-id=\"eventon\" data-element_type=\"widget\" data-widget_type=\"EventON.default\">\n\t\t\t\t<div class=\"elementor-widget-container\">\n\t\t\t<div id='evcal_calendar_675' class='ajde_evcal_calendar' ><div class='evo-data' data-cyear=\"2026\" data-cmonth=\"4\" data-runajax=\"1\" data-evc_open=\"0\" data-cal_ver=\"2.6.15\" data-mapscroll=\"true\" data-mapformat=\"roadmap\" data-mapzoom=\"18\" data-mapiconurl=\"\" data-ev_cnt=\"0\" data-show_limit=\"no\" data-tiles=\"no\" data-sort_by=\"sort_date\" data-filters_on=\"false\" data-range_start=\"0\" data-range_end=\"0\" data-send_unix=\"0\" data-ux_val=\"3\" data-accord=\"0\" data-rtl=\"no\"  ><\/div><div id='evcal_head' class='calendar_header' ><div class='evo_cal_above'><span class='evo-jumper-btn'>Montrer\/cacher les mois<\/span><span class='evo-gototoday-btn' style='display:none' data-mo='4' data-yr='2026' data-dy=''>Mois en cours<\/span><\/div><div class='evo_cal_above_content'><div class='evo_j_container' style='display:none' data-m='4' data-y='2026' data-expj='no'>\n\t\t\t\t\t\t<div class='evo_j_months evo_j_dates' data-val='m'>\n\t\t\t\t\t\t\t<div class='legend evo_jumper_months'><a data-val='1'  title='janvier' >janvier<\/a><a data-val='2'  title='f\u00e9vrier' >f\u00e9vrier<\/a><a data-val='3'  title='mars' >mars<\/a><a data-val='4' class=\"current set\" title='avril' >avril<\/a><a data-val='5'  title='mai' >mai<\/a><a data-val='6'  title='juin' >juin<\/a><a data-val='7'  title='juillet' >juillet<\/a><a data-val='8'  title='ao\u00fbt' >ao\u00fbt<\/a><a data-val='9'  title='septembre' >septembre<\/a><a data-val='10'  title='octobre' >octobre<\/a><a data-val='11'  title='novembre' >novembre<\/a><a data-val='12'  title='d\u00e9cembre' >d\u00e9cembre<\/a><\/div><div class='clear'><\/div><\/div>\n\t\t\t\t\t\t\n\t\t\t\t\t\t<div class='evo_j_years evo_j_dates' data-val='y'>\n\t\t\t\t\t\t\t<p class='legend'><a class='current set' data-val=\"2026\">2026<\/a><a data-val=\"2027\">2027<\/a><a data-val=\"2028\">2028<\/a><\/p><div class='clear'><\/div>\n\t\t\t\t\t\t<\/div>\n\t\t\t\t\t<\/div><\/div><p id='evcal_cur' class='evo_month_title'> avril 2026<\/p><p class='evo_arrows'><span id='evcal_prev' class='evcal_arrows evcal_btn_prev' ><i class='fa fa-angle-left'><\/i><\/span><span id='evcal_next' class='evcal_arrows evcal_btn_next' ><i class='fa fa-angle-right'><\/i><\/span><\/p><div class='cal_arguments' style='display:none' data-hide_past=\"no\" data-show_et_ft_img=\"yes\" data-event_order=\"ASC\" data-ft_event_priority=\"no\" data-lang=\"L1\" data-month_incre=\"0\" data-only_ft=\"no\" data-hide_ft=\"no\" data-evc_open=\"no\" data-show_limit=\"no\" data-etc_override=\"no\" data-show_limit_redir=\"0\" data-tiles=\"no\" data-tile_height=\"0\" data-tile_bg=\"0\" data-tile_count=\"2\" data-tile_style=\"0\" data-s=\"\" data-members_only=\"no\" data-ux_val=\"3\" data-show_limit_ajax=\"no\" data-show_limit_paged=\"1\" data-hide_mult_occur=\"no\" data-show_repeats=\"no\" data-hide_end_time=\"no\" ><\/div><div class='clear'><\/div><\/div><a class='evo_sort_btn'>Trier par cat\u00e9gorie<\/a><div class='eventon_sorting_section' style='display:none'><div class='eventon_filter_line'><div class='eventon_filter' data-filter_field='event_type' data-filter_val='all' data-filter_type='tax' data-fl_o='IN'><\/div><div class='eventon_filter' data-filter_field='event_type_2' data-filter_val='all' data-filter_type='tax' data-fl_o='IN'><\/div><div class='eventon_filter' data-filter_field='event_type_3' data-filter_val='all' data-filter_type='tax' data-fl_o='IN'><\/div><div class='eventon_filter' data-filter_field='event_type_4' data-filter_val='all' data-filter_type='tax' data-fl_o='IN'><\/div><div class='eventon_filter' data-filter_field='event_type_5' data-filter_val='all' data-filter_type='tax' data-fl_o='IN'><\/div><div class='eventon_filter' data-filter_field='event_location' data-filter_val='all' data-filter_type='tax' data-fl_o='IN'><\/div><div class='eventon_filter' data-filter_field='event_organizer' data-filter_val='all' data-filter_type='tax' data-fl_o='IN'><\/div><\/div><div class='clear'><\/div><\/div><div id='eventon_loadbar_section'><div id='eventon_loadbar'><\/div><\/div><div id='evcal_list' class='eventon_events_list'><div class='eventon_list_event'><p class='no_events' >Pas d&rsquo;\u00e9v\u00e9nements<\/p><\/div>\t\t\t<div class='clear'><\/div>\n\t\t\t<\/div><!-- #evcal_list-->\n\t\t\t<div class='clear'><\/div>\n\n\t\t\t\t\n\t\t\t\n\t\t\t\t\t\t<\/div><!-- .ajde_evcal_calendar-->\n\n\t\t\t\t\t<\/div>\n\t\t\t\t<\/div>\n\t\t\t\t\t<\/div>\n\t\t<\/div>\n\t\t\t\t<div class=\"elementor-column elementor-col-50 elementor-top-column elementor-element elementor-element-46ed35b\" data-id=\"46ed35b\" data-element_type=\"column\">\n\t\t\t<div class=\"elementor-widget-wrap elementor-element-populated\">\n\t\t\t\t\t\t\t\t<div class=\"elementor-element elementor-element-ff8ab9b elementor-widget elementor-widget-heading\" data-id=\"ff8ab9b\" data-element_type=\"widget\" data-widget_type=\"heading.default\">\n\t\t\t\t<div class=\"elementor-widget-container\">\n\t\t\t<h1 class=\"elementor-heading-title elementor-size-xl\">Consultez votre Mois Info<\/h1>\t\t<\/div>\n\t\t\t\t<\/div>\n\t\t\t\t<div class=\"elementor-element elementor-element-5eec793 elementor-widget elementor-widget-htmega-postcarousel-addons\" data-id=\"5eec793\" data-element_type=\"widget\" data-settings=\"{&quot;carousel_post_type&quot;:&quot;post&quot;}\" data-widget_type=\"htmega-postcarousel-addons.default\">\n\t\t\t\t<div class=\"elementor-widget-container\">\n\t\t\t            <div class=\"post-carousel-wrapper htmega-postcarousel-layout-2 htmega-verticle-center-arrow sid5eec793\">\n                <div dir=\"ltr\" class=\"htmega-carousel-activation\" data-settings=\"{&quot;sectionid&quot;:&quot;sid5eec793&quot;,&quot;arrows&quot;:true,&quot;arrow_prev_txt&quot;:&quot;&lt;i class=\\&quot;fas fa-angle-left\\&quot;&gt;&lt;\\\/i&gt;&quot;,&quot;arrow_next_txt&quot;:&quot;&lt;i class=\\&quot;fas fa-angle-right\\&quot;&gt;&lt;\\\/i&gt;&quot;,&quot;dots&quot;:false,&quot;autoplay&quot;:false,&quot;autoplay_speed&quot;:3000,&quot;animation_speed&quot;:300,&quot;slloop&quot;:true,&quot;pause_on_hover&quot;:true,&quot;center_mode&quot;:false,&quot;center_padding&quot;:0,&quot;equal_height_column&quot;:false,&quot;equal_height_column_class&quot;:&quot;.post-inner&quot;,&quot;display_columns&quot;:1,&quot;scroll_columns&quot;:1,&quot;tablet_width&quot;:750,&quot;tablet_display_columns&quot;:1,&quot;tablet_scroll_columns&quot;:1,&quot;mobile_width&quot;:480,&quot;mobile_display_columns&quot;:1,&quot;mobile_scroll_columns&quot;:1}\" style=\"display:none;\">\n\n                    <div class='htmega-error-notice'>There are no posts in this query<\/div>\n                <\/div>\n            <\/div>\n            \n            \n\n        \t\t<\/div>\n\t\t\t\t<\/div>\n\t\t\t\t\t<\/div>\n\t\t<\/div>\n\t\t\t\t\t\t\t<\/div>\n\t\t<\/section>\n\t\t\t\t\t\t\t<\/div>","protected":false},"excerpt":{"rendered":"<p>Consultez votre Mois Info ACTUALITE moisinfo #Mois Info La vall\u00e9e de l\u2019eau \u00e0 la crois\u00e9e des chemins entre Montauban, Albi et Toulouse Actualit\u00e9s Mois Info Retrouvez tout l&rsquo;agenda Lire plus<\/p>","protected":false},"author":2,"featured_media":0,"parent":0,"menu_order":0,"comment_status":"closed","ping_status":"closed","template":"elementor_canvas","meta":{"om_disable_all_campaigns":false,"_monsterinsights_skip_tracking":false,"_monsterinsights_sitenote_active":false,"_monsterinsights_sitenote_note":"","_monsterinsights_sitenote_category":0,"_uf_show_specific_survey":0,"_uf_disable_surveys":false,"footnotes":""},"class_list":["post-37742","page","type-page","status-publish","hentry","entry"],"aioseo_notices":[],"yoast_head":"<!-- This site is optimized with the Yoast SEO plugin v23.9 - https:\/\/yoast.com\/wordpress\/plugins\/seo\/ -->\n<title>\u00c9V\u00c8NEMENTS DU MOIS - Office de Tourisme Val&#039;A\u00efgo<\/title>\n<meta name=\"robots\" content=\"index, follow, max-snippet:-1, max-image-preview:large, max-video-preview:-1\" \/>\n<link rel=\"canonical\" href=\"https:\/\/tourisme-valaigo.fr\/en\/evenements-du-mois\/\" \/>\n<meta property=\"og:locale\" content=\"en_GB\" \/>\n<meta property=\"og:type\" content=\"article\" \/>\n<meta property=\"og:title\" content=\"\u00c9V\u00c8NEMENTS DU MOIS - Office de Tourisme Val&#039;A\u00efgo\" \/>\n<meta property=\"og:description\" content=\"Consultez votre Mois Info ACTUALITE moisinfo #Mois Info La vall\u00e9e de l\u2019eau \u00e0 la crois\u00e9e des chemins entre Montauban, Albi et Toulouse Actualit\u00e9s Mois Info Retrouvez tout l&rsquo;agenda Lire plus\" \/>\n<meta property=\"og:url\" content=\"https:\/\/tourisme-valaigo.fr\/en\/evenements-du-mois\/\" \/>\n<meta property=\"og:site_name\" content=\"Office de Tourisme Val&#039;A\u00efgo\" \/>\n<meta property=\"article:modified_time\" content=\"2024-11-29T15:34:41+00:00\" \/>\n<meta property=\"og:image\" content=\"https:\/\/tourisme-valaigo.fr\/web\/wp-content\/uploads\/2022\/07\/MAV-inclus-396x360.png\" \/>\n<meta name=\"twitter:card\" content=\"summary_large_image\" \/>\n<meta name=\"twitter:label1\" content=\"Estimated reading time\" \/>\n\t<meta name=\"twitter:data1\" content=\"1 minute\" \/>\n<script type=\"application\/ld+json\" class=\"yoast-schema-graph\">{\"@context\":\"https:\/\/schema.org\",\"@graph\":[{\"@type\":\"WebPage\",\"@id\":\"https:\/\/tourisme-valaigo.fr\/evenements-du-mois\/\",\"url\":\"https:\/\/tourisme-valaigo.fr\/evenements-du-mois\/\",\"name\":\"\u00c9V\u00c8NEMENTS DU MOIS - Office de Tourisme Val&#039;A\u00efgo\",\"isPartOf\":{\"@id\":\"https:\/\/tourisme-valaigo.fr\/#website\"},\"primaryImageOfPage\":{\"@id\":\"https:\/\/tourisme-valaigo.fr\/evenements-du-mois\/#primaryimage\"},\"image\":{\"@id\":\"https:\/\/tourisme-valaigo.fr\/evenements-du-mois\/#primaryimage\"},\"thumbnailUrl\":\"https:\/\/tourisme-valaigo.fr\/web\/wp-content\/uploads\/2022\/07\/MAV-inclus-396x360.png\",\"datePublished\":\"2022-07-21T10:33:57+00:00\",\"dateModified\":\"2024-11-29T15:34:41+00:00\",\"breadcrumb\":{\"@id\":\"https:\/\/tourisme-valaigo.fr\/evenements-du-mois\/#breadcrumb\"},\"inLanguage\":\"en-GB\",\"potentialAction\":[{\"@type\":\"ReadAction\",\"target\":[\"https:\/\/tourisme-valaigo.fr\/evenements-du-mois\/\"]}]},{\"@type\":\"ImageObject\",\"inLanguage\":\"en-GB\",\"@id\":\"https:\/\/tourisme-valaigo.fr\/evenements-du-mois\/#primaryimage\",\"url\":\"https:\/\/tourisme-valaigo.fr\/web\/wp-content\/uploads\/2022\/07\/MAV-inclus-396x360.png\",\"contentUrl\":\"https:\/\/tourisme-valaigo.fr\/web\/wp-content\/uploads\/2022\/07\/MAV-inclus-396x360.png\"},{\"@type\":\"BreadcrumbList\",\"@id\":\"https:\/\/tourisme-valaigo.fr\/evenements-du-mois\/#breadcrumb\",\"itemListElement\":[{\"@type\":\"ListItem\",\"position\":1,\"name\":\"Accueil\",\"item\":\"https:\/\/tourisme-valaigo.fr\/\"},{\"@type\":\"ListItem\",\"position\":2,\"name\":\"\u00c9V\u00c8NEMENTS DU MOIS\"}]},{\"@type\":\"WebSite\",\"@id\":\"https:\/\/tourisme-valaigo.fr\/#website\",\"url\":\"https:\/\/tourisme-valaigo.fr\/\",\"name\":\"Office de Tourisme Val&#039;A\u00efgo\",\"description\":\"Bienvenue en Val\\\\&#039;A\u00efgo\",\"publisher\":{\"@id\":\"https:\/\/tourisme-valaigo.fr\/#organization\"},\"potentialAction\":[{\"@type\":\"SearchAction\",\"target\":{\"@type\":\"EntryPoint\",\"urlTemplate\":\"https:\/\/tourisme-valaigo.fr\/?s={search_term_string}\"},\"query-input\":{\"@type\":\"PropertyValueSpecification\",\"valueRequired\":true,\"valueName\":\"search_term_string\"}}],\"inLanguage\":\"en-GB\"},{\"@type\":\"Organization\",\"@id\":\"https:\/\/tourisme-valaigo.fr\/#organization\",\"name\":\"Office de Tourisme Val&#039;A\u00efgo\",\"url\":\"https:\/\/tourisme-valaigo.fr\/\",\"logo\":{\"@type\":\"ImageObject\",\"inLanguage\":\"en-GB\",\"@id\":\"https:\/\/tourisme-valaigo.fr\/#\/schema\/logo\/image\/\",\"url\":\"https:\/\/tourisme-valaigo.fr\/web\/wp-content\/uploads\/2020\/07\/Logo-OT2020.png\",\"contentUrl\":\"https:\/\/tourisme-valaigo.fr\/web\/wp-content\/uploads\/2020\/07\/Logo-OT2020.png\",\"width\":500,\"height\":176,\"caption\":\"Office de Tourisme Val&#039;A\u00efgo\"},\"image\":{\"@id\":\"https:\/\/tourisme-valaigo.fr\/#\/schema\/logo\/image\/\"}}]}<\/script>\n<!-- \/ Yoast SEO plugin. -->","yoast_head_json":{"title":"\u00c9V\u00c8NEMENTS DU MOIS - Office de Tourisme Val&#039;A\u00efgo","robots":{"index":"index","follow":"follow","max-snippet":"max-snippet:-1","max-image-preview":"max-image-preview:large","max-video-preview":"max-video-preview:-1"},"canonical":"https:\/\/tourisme-valaigo.fr\/en\/evenements-du-mois\/","og_locale":"en_GB","og_type":"article","og_title":"\u00c9V\u00c8NEMENTS DU MOIS - Office de Tourisme Val&#039;A\u00efgo","og_description":"Consultez votre Mois Info ACTUALITE moisinfo #Mois Info La vall\u00e9e de l\u2019eau \u00e0 la crois\u00e9e des chemins entre Montauban, Albi et Toulouse Actualit\u00e9s Mois Info Retrouvez tout l&rsquo;agenda Lire plus","og_url":"https:\/\/tourisme-valaigo.fr\/en\/evenements-du-mois\/","og_site_name":"Office de Tourisme Val&#039;A\u00efgo","article_modified_time":"2024-11-29T15:34:41+00:00","og_image":[{"url":"https:\/\/tourisme-valaigo.fr\/web\/wp-content\/uploads\/2022\/07\/MAV-inclus-396x360.png"}],"twitter_card":"summary_large_image","twitter_misc":{"Estimated reading time":"1 minute"},"schema":{"@context":"https:\/\/schema.org","@graph":[{"@type":"WebPage","@id":"https:\/\/tourisme-valaigo.fr\/evenements-du-mois\/","url":"https:\/\/tourisme-valaigo.fr\/evenements-du-mois\/","name":"\u00c9V\u00c8NEMENTS DU MOIS - Office de Tourisme Val&#039;A\u00efgo","isPartOf":{"@id":"https:\/\/tourisme-valaigo.fr\/#website"},"primaryImageOfPage":{"@id":"https:\/\/tourisme-valaigo.fr\/evenements-du-mois\/#primaryimage"},"image":{"@id":"https:\/\/tourisme-valaigo.fr\/evenements-du-mois\/#primaryimage"},"thumbnailUrl":"https:\/\/tourisme-valaigo.fr\/web\/wp-content\/uploads\/2022\/07\/MAV-inclus-396x360.png","datePublished":"2022-07-21T10:33:57+00:00","dateModified":"2024-11-29T15:34:41+00:00","breadcrumb":{"@id":"https:\/\/tourisme-valaigo.fr\/evenements-du-mois\/#breadcrumb"},"inLanguage":"en-GB","potentialAction":[{"@type":"ReadAction","target":["https:\/\/tourisme-valaigo.fr\/evenements-du-mois\/"]}]},{"@type":"ImageObject","inLanguage":"en-GB","@id":"https:\/\/tourisme-valaigo.fr\/evenements-du-mois\/#primaryimage","url":"https:\/\/tourisme-valaigo.fr\/web\/wp-content\/uploads\/2022\/07\/MAV-inclus-396x360.png","contentUrl":"https:\/\/tourisme-valaigo.fr\/web\/wp-content\/uploads\/2022\/07\/MAV-inclus-396x360.png"},{"@type":"BreadcrumbList","@id":"https:\/\/tourisme-valaigo.fr\/evenements-du-mois\/#breadcrumb","itemListElement":[{"@type":"ListItem","position":1,"name":"Accueil","item":"https:\/\/tourisme-valaigo.fr\/"},{"@type":"ListItem","position":2,"name":"\u00c9V\u00c8NEMENTS DU MOIS"}]},{"@type":"WebSite","@id":"https:\/\/tourisme-valaigo.fr\/#website","url":"https:\/\/tourisme-valaigo.fr\/","name":"Office de Tourisme Val&#039;A\u00efgo","description":"Bienvenue en Val\\&#039;A\u00efgo","publisher":{"@id":"https:\/\/tourisme-valaigo.fr\/#organization"},"potentialAction":[{"@type":"SearchAction","target":{"@type":"EntryPoint","urlTemplate":"https:\/\/tourisme-valaigo.fr\/?s={search_term_string}"},"query-input":{"@type":"PropertyValueSpecification","valueRequired":true,"valueName":"search_term_string"}}],"inLanguage":"en-GB"},{"@type":"Organization","@id":"https:\/\/tourisme-valaigo.fr\/#organization","name":"Office de Tourisme Val&#039;A\u00efgo","url":"https:\/\/tourisme-valaigo.fr\/","logo":{"@type":"ImageObject","inLanguage":"en-GB","@id":"https:\/\/tourisme-valaigo.fr\/#\/schema\/logo\/image\/","url":"https:\/\/tourisme-valaigo.fr\/web\/wp-content\/uploads\/2020\/07\/Logo-OT2020.png","contentUrl":"https:\/\/tourisme-valaigo.fr\/web\/wp-content\/uploads\/2020\/07\/Logo-OT2020.png","width":500,"height":176,"caption":"Office de Tourisme Val&#039;A\u00efgo"},"image":{"@id":"https:\/\/tourisme-valaigo.fr\/#\/schema\/logo\/image\/"}}]}},"_links":{"self":[{"href":"https:\/\/tourisme-valaigo.fr\/en\/wp-json\/wp\/v2\/pages\/37742","targetHints":{"allow":["GET"]}}],"collection":[{"href":"https:\/\/tourisme-valaigo.fr\/en\/wp-json\/wp\/v2\/pages"}],"about":[{"href":"https:\/\/tourisme-valaigo.fr\/en\/wp-json\/wp\/v2\/types\/page"}],"author":[{"embeddable":true,"href":"https:\/\/tourisme-valaigo.fr\/en\/wp-json\/wp\/v2\/users\/2"}],"replies":[{"embeddable":true,"href":"https:\/\/tourisme-valaigo.fr\/en\/wp-json\/wp\/v2\/comments?post=37742"}],"version-history":[{"count":68,"href":"https:\/\/tourisme-valaigo.fr\/en\/wp-json\/wp\/v2\/pages\/37742\/revisions"}],"predecessor-version":[{"id":75423,"href":"https:\/\/tourisme-valaigo.fr\/en\/wp-json\/wp\/v2\/pages\/37742\/revisions\/75423"}],"wp:attachment":[{"href":"https:\/\/tourisme-valaigo.fr\/en\/wp-json\/wp\/v2\/media?parent=37742"}],"curies":[{"name":"wp","href":"https:\/\/api.w.org\/{rel}","templated":true}]}}